{"id":745,"date":"2025-05-19T11:28:37","date_gmt":"2025-05-19T11:28:37","guid":{"rendered":"http:\/\/boduel.hr\/about-us\/"},"modified":"2025-12-27T23:20:22","modified_gmt":"2025-12-27T23:20:22","slug":"about-us","status":"publish","type":"page","link":"https:\/\/boduel.hr\/hr\/about-us\/","title":{"rendered":"O Nama"},"content":{"rendered":"<section class=\"page-hero\" style=\"background-image: url('https:\/\/boduel.hr\/wp-content\/uploads\/2025\/04\/7d0547c8214cf557361b58d22ec802c5.jpg');\">\r\n    <div class=\"container\">\r\n        <div class=\"page-hero-inner\">\r\n            <h1 class=\"page-hero-title\">O nama<\/h1>\r\n                    <\/div>\r\n    <\/div>\r\n<\/section>\n\n<section class=\"simple-text\">\r\n    <div class=\"container\">\r\n        <div class=\"simple-text-inner\">\r\n                            <h2 class=\"section-title simple-text-title\">Malim koracima prema naprijed<\/h2>\r\n                                        <div class=\"entry-content simple-text-text\">\r\n                    <p>Mi smo tim entuzijasta koje povezuje vi\u0161e od 20 godina iskustva u prehrambenoj industriji, ali ono \u0161to je jo\u0161 bitnije je zajedni\u010dka strast prema razvoju zdravih proizvoda i kvalitetnom \u017eivotu. Tijekom godina rada nau\u010dili smo mnogo o tome kako prehrana oblikuje na\u0161u svakodnevicu, energiju i dugoro\u010dno zdravlje. Upravo to znanje danas \u017eelimo prenijeti dalje.<br \/>\nVo\u0111eni \u017eeljom da ljudima ponudimo vi\u0161e od samo jo\u0161 jednog proizvoda na polici, stvorili smo Boduel \u2013 brend koji je nastao iz ljubavi prema razvoju i razumijevanja stvarnih potreba suvremenog \u010dovjeka. Boduel nije samo ime \u2013 to je na\u0161 na\u010din kako pomo\u0107i ljudima da lak\u0161e prebrode izazove svakodnevice, bez stresa oko prehrane.<br \/>\nU vremenu kada je te\u0161ko prona\u0107i balans izme\u0111u posla, obitelji i brige o sebi, vjerujemo da prehrana mo\u017ee biti temelj zdravog \u017eivota \u2013 jednostavna, brza, ali nutritivno bogata i dugoro\u010dno odr\u017eiva. Zato razvijamo meal replacement proizvode i druge pametne alternative koje poma\u017eu ljudima \u017eivjeti zdravije, bez komplikacija.<br \/>\nNa\u0161 cilj je jasan: podr\u017eati svakog pojedinca na putu prema boljem osje\u0107aju u vlastitom tijelu, svakog dana. Jer vjerujemo da zdravlje nije luksuz \u2013 ve\u0107 pravo koje zaslu\u017euje svakodnevnu pa\u017enju.<\/p>\n<p>Dobrodo\u0161li u Boduel \u2013 tu smo da zajedno \u017eivimo bolje.<\/p>\n<p>73O d.o.o.<br \/>\nRadmanova\u010dka ulica 18a<br \/>\n10 000 Zagreb<br \/>\nOIB (Tax ID): 31262027429<br \/>\nEmail address: info@boduel.hr<br \/>\nPhone: + 385 98 9814 310<\/p>\n                <\/div>\r\n                    <\/div>\r\n    <\/div>\r\n<\/section>\n\n<section class=\"contact\">\n    <div class=\"container\">\n        <div class=\"contact-inner\">\n                            <h2 class=\"section-title contact-title\">Kontaktirajte Nas<\/h2>\n                                        <div class=\"frm_forms  with_frm_style frm_style_formidable-style\" id=\"frm_form_2_container\" >\n<form enctype=\"multipart\/form-data\" method=\"post\" class=\"frm-show-form  frm_js_validate  frm_ajax_submit \" id=\"form_contact-form2\" >\n<div class=\"frm_form_fields \">\n<fieldset>\n<legend class=\"frm_screen_reader\">Kontaktirajte nas<\/legend>\r\n\r\n<div class=\"frm_fields_container\">\n<input type=\"hidden\" name=\"frm_action\" value=\"create\" \/>\n<input type=\"hidden\" name=\"form_id\" value=\"2\" \/>\n<input type=\"hidden\" name=\"frm_hide_fields_2\" id=\"frm_hide_fields_2\" value=\"\" \/>\n<input type=\"hidden\" name=\"form_key\" value=\"contact-form2\" \/>\n<input type=\"hidden\" name=\"item_meta[0]\" value=\"\" \/>\n<input type=\"hidden\" id=\"frm_submit_entry_2\" name=\"frm_submit_entry_2\" value=\"5b3a0c35f8\" \/><input type=\"hidden\" name=\"_wp_http_referer\" value=\"\/hr\/wp-json\/wp\/v2\/pages\/745\" \/><div id=\"frm_field_8_container\" class=\"frm_form_field form-field  frm_required_field frm_none_container\">\r\n\t<label for=\"field_lay1i2\" id=\"field_lay1i2_label\" class=\"frm_primary_label\">Ime\r\n\t\t<span class=\"frm_required\" aria-hidden=\"true\">*<\/span>\r\n\t<\/label>\r\n\t<input type=\"text\" id=\"field_lay1i2\" name=\"item_meta[8]\" value=\"\"  placeholder=\"Ime\" data-reqmsg=\"Ime ne mo\u017ee biti prazno.\" aria-required=\"true\" data-invmsg=\"Ime is invalid\" aria-invalid=\"false\"  \/>\r\n\t\r\n\t\r\n<\/div>\n<div id=\"frm_field_9_container\" class=\"frm_form_field form-field  frm_required_field frm_none_container frm_full\">\r\n\t<label for=\"field_29yf4d2\" id=\"field_29yf4d2_label\" class=\"frm_primary_label\">Email\r\n\t\t<span class=\"frm_required\" aria-hidden=\"true\">*<\/span>\r\n\t<\/label>\r\n\t<input type=\"email\" id=\"field_29yf4d2\" name=\"item_meta[9]\" value=\"\"  placeholder=\"Email\" data-reqmsg=\"Email ne mo\u017ee biti prazno.\" aria-required=\"true\" data-invmsg=\"Molimo unesite va\u017ee\u0107u adresu e-po\u0161te\" aria-invalid=\"false\"  \/>\r\n\t\r\n\t\r\n<\/div>\n<div id=\"frm_field_10_container\" class=\"frm_form_field form-field  frm_required_field frm_none_container frm_full\">\r\n\t<label for=\"field_e6lis62\" id=\"field_e6lis62_label\" class=\"frm_primary_label\">Predmet\r\n\t\t<span class=\"frm_required\" aria-hidden=\"true\">*<\/span>\r\n\t<\/label>\r\n\t<input type=\"text\" id=\"field_e6lis62\" name=\"item_meta[10]\" value=\"\"  placeholder=\"Predmet\" data-reqmsg=\"Predmet ne mo\u017ee biti prazno.\" aria-required=\"true\" data-invmsg=\"Predmet is invalid\" aria-invalid=\"false\"  \/>\r\n\t\r\n\t\r\n<\/div>\n<div id=\"frm_field_11_container\" class=\"frm_form_field form-field  frm_required_field frm_none_container frm_full\">\r\n\t<label for=\"field_9jv0r12\" id=\"field_9jv0r12_label\" class=\"frm_primary_label\">Poruka\r\n\t\t<span class=\"frm_required\" aria-hidden=\"true\">*<\/span>\r\n\t<\/label>\r\n\t<textarea name=\"item_meta[11]\" id=\"field_9jv0r12\" rows=\"5\"  placeholder=\"Poruka\" data-reqmsg=\"Poruka ne mo\u017ee biti prazno.\" aria-required=\"true\" data-invmsg=\"Poruka is invalid\" aria-invalid=\"false\"  ><\/textarea>\r\n\t\r\n\t\r\n<\/div>\n<div id=\"frm_field_12_container\" class=\"frm_form_field form-field \">\r\n\t<div class=\"frm_submit frm_flex\">\r\n<button class=\"frm_button_submit\" type=\"submit\"  >Po\u0161alji<\/button>\r\n\r\n\r\n\r\n<\/div>\r\n<\/div>\n\t<input type=\"hidden\" name=\"item_key\" value=\"\" \/>\n\t\t\t<div id=\"frm_field_13_container\">\n\t\t\t<label for=\"field_dnott\" >\n\t\t\t\tIf you are human, leave this field blank.\t\t\t<\/label>\n\t\t\t<input  id=\"field_dnott\" type=\"text\" class=\"frm_form_field form-field frm_verify\" name=\"item_meta[13]\" value=\"\"  \/>\n\t\t<\/div>\n\t\t<input name=\"frm_state\" type=\"hidden\" value=\"hub7gkMfMkdCYq9wGoQMCECWDp4M9P05VC1\/x7fq1j4=\" \/><\/div>\n<\/fieldset>\n<\/div>\n\n<\/form>\n<\/div>\n                    <\/div>\n    <\/div>\n<\/section>","protected":false},"excerpt":{"rendered":"","protected":false},"author":1,"featured_media":0,"parent":0,"menu_order":0,"comment_status":"closed","ping_status":"closed","template":"","meta":{"_acf_changed":false,"footnotes":""},"class_list":["post-745","page","type-page","status-publish","hentry"],"acf":[],"yoast_head":"<!-- This site is optimized with the Yoast SEO plugin v27.4 - https:\/\/yoast.com\/product\/yoast-seo-wordpress\/ -->\n<title>O nama \u2013 Na\u0161a pri\u010da, vizija i misija | Boduel<\/title>\n<meta name=\"description\" content=\"Saznaj tko stoji iza brenda Boduel. Na\u0161 tim, iskustvo i motivacija da razvijamo pametne, nutritivno bogate proizvode za suvremen \u017eivot.\" \/>\n<meta name=\"robots\" content=\"noindex, follow, max-snippet:-1, max-image-preview:large, max-video-preview:-1\" \/>\n<meta property=\"og:locale\" content=\"hr_HR\" \/>\n<meta property=\"og:type\" content=\"article\" \/>\n<meta property=\"og:title\" content=\"O nama \u2013 Na\u0161a pri\u010da, vizija i misija | Boduel\" \/>\n<meta property=\"og:description\" content=\"Saznaj tko stoji iza brenda Boduel. Na\u0161 tim, iskustvo i motivacija da razvijamo pametne, nutritivno bogate proizvode za suvremen \u017eivot.\" \/>\n<meta property=\"og:url\" content=\"https:\/\/boduel.hr\/hr\/about-us\/\" \/>\n<meta property=\"og:site_name\" content=\"Boduel\" \/>\n<meta property=\"article:modified_time\" content=\"2025-12-27T23:20:22+00:00\" \/>\n<meta name=\"twitter:card\" content=\"summary_large_image\" \/>\n<script type=\"application\/ld+json\" class=\"yoast-schema-graph\">{\"@context\":\"https:\\\/\\\/schema.org\",\"@graph\":[{\"@type\":\"WebPage\",\"@id\":\"https:\\\/\\\/boduel.hr\\\/hr\\\/about-us\\\/\",\"url\":\"https:\\\/\\\/boduel.hr\\\/hr\\\/about-us\\\/\",\"name\":\"O nama \u2013 Na\u0161a pri\u010da, vizija i misija | Boduel\",\"isPartOf\":{\"@id\":\"https:\\\/\\\/boduel.hr\\\/hr\\\/#website\"},\"datePublished\":\"2025-05-19T11:28:37+00:00\",\"dateModified\":\"2025-12-27T23:20:22+00:00\",\"description\":\"Saznaj tko stoji iza brenda Boduel. Na\u0161 tim, iskustvo i motivacija da razvijamo pametne, nutritivno bogate proizvode za suvremen \u017eivot.\",\"breadcrumb\":{\"@id\":\"https:\\\/\\\/boduel.hr\\\/hr\\\/about-us\\\/#breadcrumb\"},\"inLanguage\":\"hr\",\"potentialAction\":[{\"@type\":\"ReadAction\",\"target\":[\"https:\\\/\\\/boduel.hr\\\/hr\\\/about-us\\\/\"]}]},{\"@type\":\"BreadcrumbList\",\"@id\":\"https:\\\/\\\/boduel.hr\\\/hr\\\/about-us\\\/#breadcrumb\",\"itemListElement\":[{\"@type\":\"ListItem\",\"position\":1,\"name\":\"Home\",\"item\":\"https:\\\/\\\/boduel.hr\\\/hr\\\/\"},{\"@type\":\"ListItem\",\"position\":2,\"name\":\"O Nama\"}]},{\"@type\":\"WebSite\",\"@id\":\"https:\\\/\\\/boduel.hr\\\/hr\\\/#website\",\"url\":\"https:\\\/\\\/boduel.hr\\\/hr\\\/\",\"name\":\"Boduel\",\"description\":\"\",\"potentialAction\":[{\"@type\":\"SearchAction\",\"target\":{\"@type\":\"EntryPoint\",\"urlTemplate\":\"https:\\\/\\\/boduel.hr\\\/hr\\\/?s={search_term_string}\"},\"query-input\":{\"@type\":\"PropertyValueSpecification\",\"valueRequired\":true,\"valueName\":\"search_term_string\"}}],\"inLanguage\":\"hr\"}]}<\/script>\n<!-- \/ Yoast SEO plugin. -->","yoast_head_json":{"title":"O nama \u2013 Na\u0161a pri\u010da, vizija i misija | Boduel","description":"Saznaj tko stoji iza brenda Boduel. Na\u0161 tim, iskustvo i motivacija da razvijamo pametne, nutritivno bogate proizvode za suvremen \u017eivot.","robots":{"index":"noindex","follow":"follow","max-snippet":"max-snippet:-1","max-image-preview":"max-image-preview:large","max-video-preview":"max-video-preview:-1"},"og_locale":"hr_HR","og_type":"article","og_title":"O nama \u2013 Na\u0161a pri\u010da, vizija i misija | Boduel","og_description":"Saznaj tko stoji iza brenda Boduel. Na\u0161 tim, iskustvo i motivacija da razvijamo pametne, nutritivno bogate proizvode za suvremen \u017eivot.","og_url":"https:\/\/boduel.hr\/hr\/about-us\/","og_site_name":"Boduel","article_modified_time":"2025-12-27T23:20:22+00:00","twitter_card":"summary_large_image","schema":{"@context":"https:\/\/schema.org","@graph":[{"@type":"WebPage","@id":"https:\/\/boduel.hr\/hr\/about-us\/","url":"https:\/\/boduel.hr\/hr\/about-us\/","name":"O nama \u2013 Na\u0161a pri\u010da, vizija i misija | Boduel","isPartOf":{"@id":"https:\/\/boduel.hr\/hr\/#website"},"datePublished":"2025-05-19T11:28:37+00:00","dateModified":"2025-12-27T23:20:22+00:00","description":"Saznaj tko stoji iza brenda Boduel. Na\u0161 tim, iskustvo i motivacija da razvijamo pametne, nutritivno bogate proizvode za suvremen \u017eivot.","breadcrumb":{"@id":"https:\/\/boduel.hr\/hr\/about-us\/#breadcrumb"},"inLanguage":"hr","potentialAction":[{"@type":"ReadAction","target":["https:\/\/boduel.hr\/hr\/about-us\/"]}]},{"@type":"BreadcrumbList","@id":"https:\/\/boduel.hr\/hr\/about-us\/#breadcrumb","itemListElement":[{"@type":"ListItem","position":1,"name":"Home","item":"https:\/\/boduel.hr\/hr\/"},{"@type":"ListItem","position":2,"name":"O Nama"}]},{"@type":"WebSite","@id":"https:\/\/boduel.hr\/hr\/#website","url":"https:\/\/boduel.hr\/hr\/","name":"Boduel","description":"","potentialAction":[{"@type":"SearchAction","target":{"@type":"EntryPoint","urlTemplate":"https:\/\/boduel.hr\/hr\/?s={search_term_string}"},"query-input":{"@type":"PropertyValueSpecification","valueRequired":true,"valueName":"search_term_string"}}],"inLanguage":"hr"}]}},"_links":{"self":[{"href":"https:\/\/boduel.hr\/hr\/wp-json\/wp\/v2\/pages\/745","targetHints":{"allow":["GET"]}}],"collection":[{"href":"https:\/\/boduel.hr\/hr\/wp-json\/wp\/v2\/pages"}],"about":[{"href":"https:\/\/boduel.hr\/hr\/wp-json\/wp\/v2\/types\/page"}],"author":[{"embeddable":true,"href":"https:\/\/boduel.hr\/hr\/wp-json\/wp\/v2\/users\/1"}],"replies":[{"embeddable":true,"href":"https:\/\/boduel.hr\/hr\/wp-json\/wp\/v2\/comments?post=745"}],"version-history":[{"count":6,"href":"https:\/\/boduel.hr\/hr\/wp-json\/wp\/v2\/pages\/745\/revisions"}],"predecessor-version":[{"id":1303,"href":"https:\/\/boduel.hr\/hr\/wp-json\/wp\/v2\/pages\/745\/revisions\/1303"}],"wp:attachment":[{"href":"https:\/\/boduel.hr\/hr\/wp-json\/wp\/v2\/media?parent=745"}],"curies":[{"name":"wp","href":"https:\/\/api.w.org\/{rel}","templated":true}]}}