{"id":751,"date":"2025-05-01T17:21:46","date_gmt":"2025-05-01T17:21:46","guid":{"rendered":"http:\/\/boduel.hr\/busy-schedule\/"},"modified":"2026-05-04T17:31:53","modified_gmt":"2026-05-04T17:31:53","slug":"podnevni-fokus","status":"publish","type":"page","link":"https:\/\/boduel.hr\/hr\/podnevni-fokus\/","title":{"rendered":"Boduel Midday Focus"},"content":{"rendered":"","protected":false},"excerpt":{"rendered":"","protected":false},"author":1,"featured_media":0,"parent":0,"menu_order":0,"comment_status":"closed","ping_status":"closed","template":"templates\/product-page.php","meta":{"_acf_changed":false,"footnotes":""},"class_list":["post-751","page","type-page","status-publish","hentry"],"acf":[],"yoast_head":"<!-- This site is optimized with the Yoast SEO plugin v27.4 - https:\/\/yoast.com\/product\/yoast-seo-wordpress\/ -->\n<title>Pove\u0107ajte svoju koncentraciju i fokus | Boduel<\/title>\n<meta name=\"description\" content=\"Odr\u017eite bistrinu i fokus kad vam je najpotrebnije. Nutritivna podr\u0161ka za dane bez pauze za ru\u010dak \u2013 bez preskakanja obroka i popodnevnog umora.\" \/>\n<meta name=\"robots\" content=\"noindex, follow, max-snippet:-1, max-image-preview:large, max-video-preview:-1\" \/>\n<meta property=\"og:locale\" content=\"hr_HR\" \/>\n<meta property=\"og:type\" content=\"article\" \/>\n<meta property=\"og:title\" content=\"Pove\u0107ajte svoju koncentraciju i fokus | Boduel\" \/>\n<meta property=\"og:description\" content=\"Odr\u017eite bistrinu i fokus kad vam je najpotrebnije. Nutritivna podr\u0161ka za dane bez pauze za ru\u010dak \u2013 bez preskakanja obroka i popodnevnog umora.\" \/>\n<meta property=\"og:url\" content=\"https:\/\/boduel.hr\/hr\/podnevni-fokus\/\" \/>\n<meta property=\"og:site_name\" content=\"Boduel\" \/>\n<meta property=\"article:modified_time\" content=\"2026-05-04T17:31:53+00:00\" \/>\n<meta name=\"twitter:card\" content=\"summary_large_image\" \/>\n<script type=\"application\/ld+json\" class=\"yoast-schema-graph\">{\"@context\":\"https:\\\/\\\/schema.org\",\"@graph\":[{\"@type\":\"WebPage\",\"@id\":\"https:\\\/\\\/boduel.hr\\\/hr\\\/podnevni-fokus\\\/\",\"url\":\"https:\\\/\\\/boduel.hr\\\/hr\\\/podnevni-fokus\\\/\",\"name\":\"Pove\u0107ajte svoju koncentraciju i fokus | Boduel\",\"isPartOf\":{\"@id\":\"https:\\\/\\\/boduel.hr\\\/hr\\\/#website\"},\"datePublished\":\"2025-05-01T17:21:46+00:00\",\"dateModified\":\"2026-05-04T17:31:53+00:00\",\"description\":\"Odr\u017eite bistrinu i fokus kad vam je najpotrebnije. Nutritivna podr\u0161ka za dane bez pauze za ru\u010dak \u2013 bez preskakanja obroka i popodnevnog umora.\",\"breadcrumb\":{\"@id\":\"https:\\\/\\\/boduel.hr\\\/hr\\\/podnevni-fokus\\\/#breadcrumb\"},\"inLanguage\":\"hr\",\"potentialAction\":[{\"@type\":\"ReadAction\",\"target\":[\"https:\\\/\\\/boduel.hr\\\/hr\\\/podnevni-fokus\\\/\"]}]},{\"@type\":\"BreadcrumbList\",\"@id\":\"https:\\\/\\\/boduel.hr\\\/hr\\\/podnevni-fokus\\\/#breadcrumb\",\"itemListElement\":[{\"@type\":\"ListItem\",\"position\":1,\"name\":\"Home\",\"item\":\"https:\\\/\\\/boduel.hr\\\/hr\\\/\"},{\"@type\":\"ListItem\",\"position\":2,\"name\":\"Boduel Midday Focus\"}]},{\"@type\":\"WebSite\",\"@id\":\"https:\\\/\\\/boduel.hr\\\/hr\\\/#website\",\"url\":\"https:\\\/\\\/boduel.hr\\\/hr\\\/\",\"name\":\"Boduel\",\"description\":\"\",\"potentialAction\":[{\"@type\":\"SearchAction\",\"target\":{\"@type\":\"EntryPoint\",\"urlTemplate\":\"https:\\\/\\\/boduel.hr\\\/hr\\\/?s={search_term_string}\"},\"query-input\":{\"@type\":\"PropertyValueSpecification\",\"valueRequired\":true,\"valueName\":\"search_term_string\"}}],\"inLanguage\":\"hr\"}]}<\/script>\n<!-- \/ Yoast SEO plugin. -->","yoast_head_json":{"title":"Pove\u0107ajte svoju koncentraciju i fokus | Boduel","description":"Odr\u017eite bistrinu i fokus kad vam je najpotrebnije. Nutritivna podr\u0161ka za dane bez pauze za ru\u010dak \u2013 bez preskakanja obroka i popodnevnog umora.","robots":{"index":"noindex","follow":"follow","max-snippet":"max-snippet:-1","max-image-preview":"max-image-preview:large","max-video-preview":"max-video-preview:-1"},"og_locale":"hr_HR","og_type":"article","og_title":"Pove\u0107ajte svoju koncentraciju i fokus | Boduel","og_description":"Odr\u017eite bistrinu i fokus kad vam je najpotrebnije. Nutritivna podr\u0161ka za dane bez pauze za ru\u010dak \u2013 bez preskakanja obroka i popodnevnog umora.","og_url":"https:\/\/boduel.hr\/hr\/podnevni-fokus\/","og_site_name":"Boduel","article_modified_time":"2026-05-04T17:31:53+00:00","twitter_card":"summary_large_image","schema":{"@context":"https:\/\/schema.org","@graph":[{"@type":"WebPage","@id":"https:\/\/boduel.hr\/hr\/podnevni-fokus\/","url":"https:\/\/boduel.hr\/hr\/podnevni-fokus\/","name":"Pove\u0107ajte svoju koncentraciju i fokus | Boduel","isPartOf":{"@id":"https:\/\/boduel.hr\/hr\/#website"},"datePublished":"2025-05-01T17:21:46+00:00","dateModified":"2026-05-04T17:31:53+00:00","description":"Odr\u017eite bistrinu i fokus kad vam je najpotrebnije. Nutritivna podr\u0161ka za dane bez pauze za ru\u010dak \u2013 bez preskakanja obroka i popodnevnog umora.","breadcrumb":{"@id":"https:\/\/boduel.hr\/hr\/podnevni-fokus\/#breadcrumb"},"inLanguage":"hr","potentialAction":[{"@type":"ReadAction","target":["https:\/\/boduel.hr\/hr\/podnevni-fokus\/"]}]},{"@type":"BreadcrumbList","@id":"https:\/\/boduel.hr\/hr\/podnevni-fokus\/#breadcrumb","itemListElement":[{"@type":"ListItem","position":1,"name":"Home","item":"https:\/\/boduel.hr\/hr\/"},{"@type":"ListItem","position":2,"name":"Boduel Midday Focus"}]},{"@type":"WebSite","@id":"https:\/\/boduel.hr\/hr\/#website","url":"https:\/\/boduel.hr\/hr\/","name":"Boduel","description":"","potentialAction":[{"@type":"SearchAction","target":{"@type":"EntryPoint","urlTemplate":"https:\/\/boduel.hr\/hr\/?s={search_term_string}"},"query-input":{"@type":"PropertyValueSpecification","valueRequired":true,"valueName":"search_term_string"}}],"inLanguage":"hr"}]}},"_links":{"self":[{"href":"https:\/\/boduel.hr\/hr\/wp-json\/wp\/v2\/pages\/751","targetHints":{"allow":["GET"]}}],"collection":[{"href":"https:\/\/boduel.hr\/hr\/wp-json\/wp\/v2\/pages"}],"about":[{"href":"https:\/\/boduel.hr\/hr\/wp-json\/wp\/v2\/types\/page"}],"author":[{"embeddable":true,"href":"https:\/\/boduel.hr\/hr\/wp-json\/wp\/v2\/users\/1"}],"replies":[{"embeddable":true,"href":"https:\/\/boduel.hr\/hr\/wp-json\/wp\/v2\/comments?post=751"}],"version-history":[{"count":22,"href":"https:\/\/boduel.hr\/hr\/wp-json\/wp\/v2\/pages\/751\/revisions"}],"predecessor-version":[{"id":1487,"href":"https:\/\/boduel.hr\/hr\/wp-json\/wp\/v2\/pages\/751\/revisions\/1487"}],"wp:attachment":[{"href":"https:\/\/boduel.hr\/hr\/wp-json\/wp\/v2\/media?parent=751"}],"curies":[{"name":"wp","href":"https:\/\/api.w.org\/{rel}","templated":true}]}}