{"id":766,"date":"2025-04-27T13:33:36","date_gmt":"2025-04-27T13:33:36","guid":{"rendered":"http:\/\/boduel.hr\/shipping-policy\/"},"modified":"2025-09-23T10:10:47","modified_gmt":"2025-09-23T10:10:47","slug":"politika-dostave","status":"publish","type":"page","link":"https:\/\/boduel.hr\/hr\/politika-dostave\/","title":{"rendered":"Politika dostave"},"content":{"rendered":"<p><b>POLITIKA DOSTAVE<\/b><\/p>\n<p><b>Na\u010din dostave proizvoda<\/b><\/p>\n<p data-start=\"125\" data-end=\"301\">Kupnja proizvoda putem Boduel internetske trgovine dostupna je unutar <strong>Europske unije, Srednje i Isto\u010dne Europe (CEE), Ujedinjenog Kraljevstva te Sjedinjenih Ameri\u010dkih Dr\u017eava.<\/strong><\/p>\n<p data-start=\"303\" data-end=\"505\">Dostavu obavlja Dru\u0161tvo putem ugovornih kurirskih slu\u017ebi, isklju\u010divo radnim danom, na adresu koju je Kupac naveo prilikom narud\u017ebe. Rokovi dostave definirani su u dokumentu <strong>Politika dostave.<\/strong><\/p>\n<p data-start=\"507\" data-end=\"820\">Dru\u0161tvo zadr\u017eava pravo podijeliti narud\u017ebu u vi\u0161e po\u0161iljaka ako se proizvodi nalaze u razli\u010ditim skladi\u0161tima ili ako su pojedini proizvodi privremeno nedostupni. <strong>U takvim slu\u010dajevima Kupac ne\u0107e snositi dodatne tro\u0161kove dostave,<\/strong> budu\u0107i da se dostava napla\u0107uje samo jednom, neovisno o broju pojedina\u010dnih po\u0161iljki.<\/p>\n<p data-start=\"822\" data-end=\"916\">Rok dostave po\u010dinje te\u0107i od trenutka kada Dru\u0161tvo preda naru\u010dene proizvode kurirskoj slu\u017ebi.<\/p>\n<p data-start=\"918\" data-end=\"1161\">Ako Kupac nije prisutan na adresi dostave, <strong>kurir \u0107e ostaviti obavijest o poku\u0161aju isporuke<\/strong>, a paket se mo\u017ee preuzeti u roku koji definira pru\u017eatelj dostavne usluge. Ako paket ne bude preuzet u zadanom roku, narud\u017eba \u0107e se smatrati otkazanom.<\/p>\n<p data-start=\"1163\" data-end=\"1433\">Napomena: svi dodatni tro\u0161kovi koje kurir mo\u017ee naplatiti zbog neuspje\u0161nog preuzimanja po\u0161iljke (<strong>npr. tro\u0161kovi skladi\u0161tenja ili ponovne dostave<\/strong>) nisu uklju\u010deni u standardnu cijenu dostave i u potpunosti su odgovornost Kupca. Ti tro\u0161kovi ovise o cjeniku kurirske slu\u017ebe.<\/p>\n<p><strong>Tro\u0161kovi dostave<\/strong><\/p>\n<p data-start=\"97\" data-end=\"284\">Dru\u0161tvo Kupcu napla\u0107uje uslugu dostave u skladu s cjenikom definiranim u <strong>Politici dostave<\/strong>. U cijenu dostave uklju\u010deno je i pakiranje u svrhu otpreme (npr. za\u0161titno pakiranje).<\/p>\n<p><b>Potvrda dostave<\/b><\/p>\n<p>Kupac potvr\u0111uje primitak naru\u010denog proizvoda <strong>potpisom dostavnog dokumenta,<\/strong> koji se smatra dokazom da je proizvod dostavljen u ispravnom i neo\u0161te\u0107enom stanju. Potpisom dokumenta Dru\u0161tvo se osloba\u0111a svake daljnje odgovornosti za stanje po\u0161iljke.<\/p>\n<p data-start=\"556\" data-end=\"693\">Od trenutka potpisa, <strong>rizik slu\u010dajnog o\u0161te\u0107enja ili gubitka proizvoda<\/strong> prelazi na Kupca, koji tada preuzima punu odgovornost za proizvod.<\/p>\n<p data-start=\"695\" data-end=\"960\">Ako Kupac odbije preuzeti proizvod bez valjanog razloga, Dru\u0161tvo zadr\u017eava pravo naplatiti <strong>izravne tro\u0161kove povrata<\/strong> u skladu s cjenikom kurirske slu\u017ebe. U takvim slu\u010dajevima Dru\u0161tvo mo\u017ee zadr\u017eati cijeli ili dio iznosa kupnje radi pokri\u0107a stvarnih tro\u0161kova povrata.<\/p>\n<p><b>Pra\u0107enje po\u0161iljke<\/b><\/p>\n<p data-start=\"87\" data-end=\"303\">Proces dostave po\u0161iljke mogu\u0107e je pratiti putem aplikacije za pra\u0107enje po\u0161iljaka koju osigurava pru\u017eatelj dostavne usluge. Ova usluga omogu\u0107uje Kupcu dobivanje relevantnih informacija o lokaciji i statusu po\u0161iljke.<\/p>\n<p data-start=\"305\" data-end=\"553\">Me\u0111utim, usluga pra\u0107enja po\u0161iljke ponekad mo\u017ee biti nedostupna ili djelomi\u010dno dostupna zbog tehni\u010dkih razloga ili drugih okolnosti na strani pru\u017eatelja dostavne usluge. U takvim slu\u010dajevima Dru\u0161tvo ne snosi odgovornost za nedostupnost ove usluge.<\/p>\n<p><b>Politika dostave<\/b><\/p>\n<p>Uz Op\u0107e uvjete kori\u0161tenja internetske stranice <a class=\"decorated-link\" href=\"http:\/\/www.boduel.hr\" target=\"_new\" rel=\"noopener\" data-start=\"151\" data-end=\"164\">www.boduel.hr<\/a> (\u201cBoduel internetska trgovina\u201d), ova Pravila dostave dodatno ure\u0111uju cijene dostave i rokove isporuke proizvoda kupljenih putem Boduel internetske trgovine, kojom upravlja dru\u0161tvo 73O d.o.o., sa sjedi\u0161tem u Zagrebu, Radmanova\u010dka ulica 18a (\u201cDru\u0161tvo\u201d).<\/p>\n<p data-start=\"420\" data-end=\"792\">Proizvodi kupljeni putem Boduel internetske trgovine dostupni su za dostavu unutar Europske unije, Srednje i Isto\u010dne Europe (CEE), Ujedinjenog Kraljevstva te Sjedinjenih Ameri\u010dkih Dr\u017eava. Naru\u010deni proizvodi bit \u0107e dostavljeni od strane Dru\u0161tva putem ovla\u0161tenog pru\u017eatelja dostavnih usluga, isklju\u010divo radnim danom, na adresu koju je Kupac naveo tijekom procesa narud\u017ebe.<\/p>\n<p data-start=\"794\" data-end=\"900\">Za detaljnije informacije molimo pogledajte Op\u0107e uvjete poslovanja dostupne <strong>ovdje<\/strong>.<\/p>\n<p><b>Cijene dostave i rokovi isporuke<\/b><\/p>\n<p data-start=\"100\" data-end=\"257\">Na\u0161i proizvodi \u0161alju se iz Europe, stoga pri naru\u010divanju proizvoda za dostavu unutar Europske unije ne morate brinuti o porezima ili carinskim pristojbama. Me\u0111unarodne i doma\u0107e dostave obavljaju DPD i GLS, dok Hrvatska po\u0161ta pru\u017ea usluge dostave isklju\u010divo unutar granica Republike Hrvatske.<\/p>\n<div class=\"table-container\"><table cellspacing=\"0\" cellpadding=\"0\">\n<tbody>\n<tr>\n<td style=\"text-align: center;\" colspan=\"6\" valign=\"middle\"><b>DPD<\/b><\/td>\n<\/tr>\n<tr>\n<td valign=\"middle\"><b>\u00a0<\/b><\/td>\n<td valign=\"middle\"><b>Hrvatska <span class=\"Apple-converted-space\">\u00a0<\/span><\/b><\/td>\n<td colspan=\"4\" valign=\"middle\"><b>Me\u0111unarodno<\/b><\/td>\n<\/tr>\n<tr>\n<td valign=\"top\"><\/td>\n<td valign=\"top\"><b>Zona I<\/b><\/td>\n<td valign=\"top\"><b>Zona I <\/b><br \/>\n(SLO)<\/td>\n<td valign=\"top\"><b>Zona II <\/b><br \/>\n(AT, CZ, HU, DE, SK)<\/td>\n<td valign=\"top\"><b>Zona III<\/b><br \/>\n(BE, DK, EE ,FR, IE, GB, IT, LV, LT, LU, NL, PL,<span class=\"Apple-converted-space\">\u00a0 <\/span>PT, ES, SE)<\/td>\n<td valign=\"top\"><b>Zona IV <\/b>(BG, FI, GR, RO)<\/td>\n<\/tr>\n<tr>\n<td valign=\"middle\">do 2kg<\/td>\n<td valign=\"middle\">3,71\u20ac<\/td>\n<td valign=\"middle\">14,69\u20ac<\/td>\n<td valign=\"middle\">27,86\u20ac<\/td>\n<td valign=\"middle\">36,44\u20ac<\/td>\n<td valign=\"middle\">54,38\u20ac<\/td>\n<\/tr>\n<tr>\n<td valign=\"middle\">2-5kg<\/td>\n<td valign=\"middle\">4,31\u20ac<\/td>\n<td valign=\"middle\">18,89\u20ac<\/td>\n<td valign=\"middle\">29,76\u20ac<\/td>\n<td valign=\"middle\">38,35\u20ac<\/td>\n<td valign=\"middle\">56,28\u20ac<\/td>\n<\/tr>\n<tr>\n<td valign=\"middle\">5- 10kg<\/td>\n<td valign=\"middle\">5,78\u20ac<\/td>\n<td valign=\"middle\">19,84\u20ac<\/td>\n<td valign=\"middle\">33,00\u20ac<\/td>\n<td valign=\"middle\">41,59\u20ac<\/td>\n<td valign=\"middle\">60,86\u20ac<\/td>\n<\/tr>\n<tr>\n<td valign=\"middle\">10-15kg<\/td>\n<td valign=\"middle\">7,68\u20ac<\/td>\n<td valign=\"middle\">20,80\u20ac<\/td>\n<td valign=\"middle\">34,34\u20ac<\/td>\n<td valign=\"middle\">43,89\u20ac<\/td>\n<td valign=\"middle\">64,30\u20ac<\/td>\n<\/tr>\n<tr>\n<td valign=\"middle\"><\/td>\n<td valign=\"middle\"><\/td>\n<td valign=\"middle\"><\/td>\n<td valign=\"middle\"><\/td>\n<td valign=\"middle\"><\/td>\n<td valign=\"middle\"><\/td>\n<\/tr>\n<tr>\n<td colspan=\"6\" valign=\"bottom\">Procijenjeno vrijeme dostave (radni dani): SI, HU (1-2); AT (2-3); CZ, DE, SK, IT, BE, FR, LU, NL, PL, RO (3-4); BG, DK, EE, LV, LT (4-5); IE, ES, PT, SE (5-6); GB, GR, FI (6-8)<\/td>\n<\/tr>\n<tr>\n<td colspan=\"6\" valign=\"middle\">Procijenjeno vrijeme dostave (radni dani): HRVATSKA &#8211; 24 &#8211; 48h<\/td>\n<\/tr>\n<\/tbody>\n<\/table><\/div>\n<div class=\"table-container\"><table cellspacing=\"0\" cellpadding=\"0\">\n<tbody>\n<tr>\n<td style=\"text-align: center;\" colspan=\"7\" valign=\"middle\"><b>GLS<\/b><\/td>\n<\/tr>\n<tr>\n<td valign=\"middle\"><b>\u00a0<\/b><\/td>\n<td valign=\"middle\"><b>Hrvatska <span class=\"Apple-converted-space\">\u00a0<\/span><\/b><\/td>\n<td colspan=\"5\" valign=\"middle\"><b>Me\u0111unarodno<\/b><\/td>\n<\/tr>\n<tr>\n<td valign=\"top\"><\/td>\n<td valign=\"top\"><b>Zona I<\/b><\/td>\n<td valign=\"top\"><b>Zona I <\/b><br \/>\n(SLO, HU, SK, AT, CZ)<\/td>\n<td valign=\"top\"><b>Zona II <\/b><br \/>\n(PL, DE, BE, NL, LU)<\/td>\n<td valign=\"top\"><b>Zona III<\/b><br \/>\n(RO, IT, BG, DK, IE)<\/td>\n<td valign=\"top\"><b>Zona IV<span class=\"Apple-converted-space\">\u00a0<\/span><\/b><\/p>\n<p>(LT, LV, ET, SE, GR, FI, FR)<\/td>\n<td valign=\"top\"><b>Zona V<span class=\"Apple-converted-space\">\u00a0<\/span><\/b><\/p>\n<p>(ES, PT, MT, C)<\/td>\n<\/tr>\n<tr>\n<td valign=\"middle\">XS<\/td>\n<td valign=\"middle\">5,18\u20ac<\/td>\n<td valign=\"middle\">17,12\u20ac<\/td>\n<td valign=\"middle\">18,45\u20ac<\/td>\n<td valign=\"middle\">29,07\u20ac<\/td>\n<td valign=\"middle\">31,72\u20ac<\/td>\n<td valign=\"bottom\">41,01\u20ac<\/td>\n<\/tr>\n<tr>\n<td valign=\"middle\">S<\/td>\n<td valign=\"middle\">6,5\u20ac<\/td>\n<td valign=\"middle\">18,45\u20ac<\/td>\n<td valign=\"middle\">19,78\u20ac<\/td>\n<td valign=\"middle\">31,72\u20ac<\/td>\n<td valign=\"middle\">39,68\u20ac<\/td>\n<td valign=\"bottom\">47,65\u20ac<\/td>\n<\/tr>\n<tr>\n<td valign=\"middle\">M<\/td>\n<td valign=\"middle\">7,83\u20ac<\/td>\n<td valign=\"middle\">19,78\u20ac<\/td>\n<td valign=\"middle\">21,10\u20ac<\/td>\n<td valign=\"middle\">33,05\u20ac<\/td>\n<td valign=\"middle\">43,67\u20ac<\/td>\n<td valign=\"bottom\">56,94\u20ac<\/td>\n<\/tr>\n<tr>\n<td valign=\"middle\">L<\/td>\n<td valign=\"middle\">9,16\u20ac<\/td>\n<td valign=\"middle\">22,43\u20ac<\/td>\n<td valign=\"middle\">25,08\u20ac<\/td>\n<td valign=\"middle\">35,70\u20ac<\/td>\n<td valign=\"middle\">64,90\u20ac<\/td>\n<td valign=\"bottom\">83,48\u20ac<\/td>\n<\/tr>\n<tr>\n<td valign=\"middle\">XL<\/td>\n<td valign=\"middle\">10,49\u20ac<\/td>\n<td valign=\"middle\">26,41\u20ac<\/td>\n<td valign=\"middle\">30,39\u20ac<\/td>\n<td valign=\"middle\">42,34\u20ac<\/td>\n<td valign=\"middle\">95,43\u20ac<\/td>\n<td valign=\"bottom\">123,3\u20ac<\/td>\n<\/tr>\n<tr>\n<td valign=\"bottom\"><\/td>\n<td valign=\"bottom\"><\/td>\n<td valign=\"bottom\"><\/td>\n<td valign=\"bottom\"><\/td>\n<td valign=\"bottom\"><\/td>\n<td valign=\"bottom\"><\/td>\n<td valign=\"bottom\"><\/td>\n<\/tr>\n<tr>\n<td colspan=\"7\" valign=\"middle\">Procijenjeno vrijeme dostave (radni dani): SLO, HU (1-2); SK, AT, CZ, PL, DE, RO (3-4); BE, NL, LU, IT, LI, LA, ET (4-5); BG, DK, IE, SE, FR, ES, PT, M, CI (5-6); GR, FI (6-7);<\/td>\n<\/tr>\n<tr>\n<td colspan=\"7\" valign=\"middle\">Procijenjeno vrijeme dostave (radni dani): HRVATSKA &#8211;<span class=\"Apple-converted-space\">\u00a0 <\/span>24-48 h<\/td>\n<\/tr>\n<\/tbody>\n<\/table><\/div>\n<div class=\"table-container\"><table cellspacing=\"0\" cellpadding=\"0\">\n<tbody>\n<tr>\n<td colspan=\"2\" valign=\"middle\"><b>HRVATSKA PO\u0160TA\u00a0<\/b><\/td>\n<\/tr>\n<tr>\n<td colspan=\"2\" valign=\"middle\"><b>HRVATSKA<\/b><\/td>\n<\/tr>\n<tr>\n<td valign=\"middle\">do 2 kg<\/td>\n<td valign=\"middle\">7,00\u20ac<\/td>\n<\/tr>\n<tr>\n<td valign=\"middle\">2-5kg<\/td>\n<td valign=\"middle\">7,50\u20ac<\/td>\n<\/tr>\n<tr>\n<td valign=\"middle\">5- 10kg<\/td>\n<td valign=\"middle\">8,00\u20ac<\/td>\n<\/tr>\n<tr>\n<td valign=\"middle\">10-15kg<\/td>\n<td valign=\"middle\">10,00\u20ac<\/td>\n<\/tr>\n<tr>\n<td valign=\"bottom\"><\/td>\n<td valign=\"bottom\"><\/td>\n<\/tr>\n<tr>\n<td colspan=\"2\" valign=\"middle\">Procijenjeno vrijeme dostave (radni dani): HRVATSKA-<span class=\"Apple-converted-space\">\u00a0 <\/span>24-72 h<span class=\"Apple-converted-space\">\u00a0<\/span><\/td>\n<\/tr>\n<\/tbody>\n<\/table><\/div>\n","protected":false},"excerpt":{"rendered":"<p>POLITIKA DOSTAVE Na\u010din dostave proizvoda Kupnja proizvoda putem Boduel internetske trgovine dostupna je unutar Europske unije, Srednje i Isto\u010dne Europe (CEE), Ujedinjenog Kraljevstva te Sjedinjenih Ameri\u010dkih Dr\u017eava. Dostavu obavlja Dru\u0161tvo putem ugovornih kurirskih slu\u017ebi, isklju\u010divo radnim danom, na adresu koju je Kupac naveo prilikom narud\u017ebe. Rokovi dostave definirani su u dokumentu Politika dostave. Dru\u0161tvo zadr\u017eava [&hellip;]<\/p>\n","protected":false},"author":1,"featured_media":0,"parent":0,"menu_order":0,"comment_status":"closed","ping_status":"closed","template":"templates\/text-page.php","meta":{"_acf_changed":false,"footnotes":""},"class_list":["post-766","page","type-page","status-publish","hentry"],"acf":[],"yoast_head":"<!-- This site is optimized with the Yoast SEO plugin v27.4 - https:\/\/yoast.com\/product\/yoast-seo-wordpress\/ -->\n<title>Politika dostave - Boduel<\/title>\n<meta name=\"robots\" content=\"noindex, follow, max-snippet:-1, max-image-preview:large, max-video-preview:-1\" \/>\n<meta property=\"og:locale\" content=\"hr_HR\" \/>\n<meta property=\"og:type\" content=\"article\" \/>\n<meta property=\"og:title\" content=\"Politika dostave - Boduel\" \/>\n<meta property=\"og:description\" content=\"POLITIKA DOSTAVE Na\u010din dostave proizvoda Kupnja proizvoda putem Boduel internetske trgovine dostupna je unutar Europske unije, Srednje i Isto\u010dne Europe (CEE), Ujedinjenog Kraljevstva te Sjedinjenih Ameri\u010dkih Dr\u017eava. Dostavu obavlja Dru\u0161tvo putem ugovornih kurirskih slu\u017ebi, isklju\u010divo radnim danom, na adresu koju je Kupac naveo prilikom narud\u017ebe. Rokovi dostave definirani su u dokumentu Politika dostave. Dru\u0161tvo zadr\u017eava [&hellip;]\" \/>\n<meta property=\"og:url\" content=\"https:\/\/boduel.hr\/hr\/politika-dostave\/\" \/>\n<meta property=\"og:site_name\" content=\"Boduel\" \/>\n<meta property=\"article:modified_time\" content=\"2025-09-23T10:10:47+00:00\" \/>\n<meta name=\"twitter:card\" content=\"summary_large_image\" \/>\n<meta name=\"twitter:label1\" content=\"Procijenjeno vrijeme \u010ditanja\" \/>\n\t<meta name=\"twitter:data1\" content=\"4 minute\" \/>\n<script type=\"application\/ld+json\" class=\"yoast-schema-graph\">{\"@context\":\"https:\\\/\\\/schema.org\",\"@graph\":[{\"@type\":\"WebPage\",\"@id\":\"https:\\\/\\\/boduel.hr\\\/hr\\\/politika-dostave\\\/\",\"url\":\"https:\\\/\\\/boduel.hr\\\/hr\\\/politika-dostave\\\/\",\"name\":\"Politika dostave - Boduel\",\"isPartOf\":{\"@id\":\"https:\\\/\\\/boduel.hr\\\/hr\\\/#website\"},\"datePublished\":\"2025-04-27T13:33:36+00:00\",\"dateModified\":\"2025-09-23T10:10:47+00:00\",\"breadcrumb\":{\"@id\":\"https:\\\/\\\/boduel.hr\\\/hr\\\/politika-dostave\\\/#breadcrumb\"},\"inLanguage\":\"hr\",\"potentialAction\":[{\"@type\":\"ReadAction\",\"target\":[\"https:\\\/\\\/boduel.hr\\\/hr\\\/politika-dostave\\\/\"]}]},{\"@type\":\"BreadcrumbList\",\"@id\":\"https:\\\/\\\/boduel.hr\\\/hr\\\/politika-dostave\\\/#breadcrumb\",\"itemListElement\":[{\"@type\":\"ListItem\",\"position\":1,\"name\":\"Home\",\"item\":\"https:\\\/\\\/boduel.hr\\\/hr\\\/\"},{\"@type\":\"ListItem\",\"position\":2,\"name\":\"Politika dostave\"}]},{\"@type\":\"WebSite\",\"@id\":\"https:\\\/\\\/boduel.hr\\\/hr\\\/#website\",\"url\":\"https:\\\/\\\/boduel.hr\\\/hr\\\/\",\"name\":\"Boduel\",\"description\":\"\",\"potentialAction\":[{\"@type\":\"SearchAction\",\"target\":{\"@type\":\"EntryPoint\",\"urlTemplate\":\"https:\\\/\\\/boduel.hr\\\/hr\\\/?s={search_term_string}\"},\"query-input\":{\"@type\":\"PropertyValueSpecification\",\"valueRequired\":true,\"valueName\":\"search_term_string\"}}],\"inLanguage\":\"hr\"}]}<\/script>\n<!-- \/ Yoast SEO plugin. -->","yoast_head_json":{"title":"Politika dostave - Boduel","robots":{"index":"noindex","follow":"follow","max-snippet":"max-snippet:-1","max-image-preview":"max-image-preview:large","max-video-preview":"max-video-preview:-1"},"og_locale":"hr_HR","og_type":"article","og_title":"Politika dostave - Boduel","og_description":"POLITIKA DOSTAVE Na\u010din dostave proizvoda Kupnja proizvoda putem Boduel internetske trgovine dostupna je unutar Europske unije, Srednje i Isto\u010dne Europe (CEE), Ujedinjenog Kraljevstva te Sjedinjenih Ameri\u010dkih Dr\u017eava. Dostavu obavlja Dru\u0161tvo putem ugovornih kurirskih slu\u017ebi, isklju\u010divo radnim danom, na adresu koju je Kupac naveo prilikom narud\u017ebe. Rokovi dostave definirani su u dokumentu Politika dostave. Dru\u0161tvo zadr\u017eava [&hellip;]","og_url":"https:\/\/boduel.hr\/hr\/politika-dostave\/","og_site_name":"Boduel","article_modified_time":"2025-09-23T10:10:47+00:00","twitter_card":"summary_large_image","twitter_misc":{"Procijenjeno vrijeme \u010ditanja":"4 minute"},"schema":{"@context":"https:\/\/schema.org","@graph":[{"@type":"WebPage","@id":"https:\/\/boduel.hr\/hr\/politika-dostave\/","url":"https:\/\/boduel.hr\/hr\/politika-dostave\/","name":"Politika dostave - Boduel","isPartOf":{"@id":"https:\/\/boduel.hr\/hr\/#website"},"datePublished":"2025-04-27T13:33:36+00:00","dateModified":"2025-09-23T10:10:47+00:00","breadcrumb":{"@id":"https:\/\/boduel.hr\/hr\/politika-dostave\/#breadcrumb"},"inLanguage":"hr","potentialAction":[{"@type":"ReadAction","target":["https:\/\/boduel.hr\/hr\/politika-dostave\/"]}]},{"@type":"BreadcrumbList","@id":"https:\/\/boduel.hr\/hr\/politika-dostave\/#breadcrumb","itemListElement":[{"@type":"ListItem","position":1,"name":"Home","item":"https:\/\/boduel.hr\/hr\/"},{"@type":"ListItem","position":2,"name":"Politika dostave"}]},{"@type":"WebSite","@id":"https:\/\/boduel.hr\/hr\/#website","url":"https:\/\/boduel.hr\/hr\/","name":"Boduel","description":"","potentialAction":[{"@type":"SearchAction","target":{"@type":"EntryPoint","urlTemplate":"https:\/\/boduel.hr\/hr\/?s={search_term_string}"},"query-input":{"@type":"PropertyValueSpecification","valueRequired":true,"valueName":"search_term_string"}}],"inLanguage":"hr"}]}},"_links":{"self":[{"href":"https:\/\/boduel.hr\/hr\/wp-json\/wp\/v2\/pages\/766","targetHints":{"allow":["GET"]}}],"collection":[{"href":"https:\/\/boduel.hr\/hr\/wp-json\/wp\/v2\/pages"}],"about":[{"href":"https:\/\/boduel.hr\/hr\/wp-json\/wp\/v2\/types\/page"}],"author":[{"embeddable":true,"href":"https:\/\/boduel.hr\/hr\/wp-json\/wp\/v2\/users\/1"}],"replies":[{"embeddable":true,"href":"https:\/\/boduel.hr\/hr\/wp-json\/wp\/v2\/comments?post=766"}],"version-history":[{"count":3,"href":"https:\/\/boduel.hr\/hr\/wp-json\/wp\/v2\/pages\/766\/revisions"}],"predecessor-version":[{"id":1168,"href":"https:\/\/boduel.hr\/hr\/wp-json\/wp\/v2\/pages\/766\/revisions\/1168"}],"wp:attachment":[{"href":"https:\/\/boduel.hr\/hr\/wp-json\/wp\/v2\/media?parent=766"}],"curies":[{"name":"wp","href":"https:\/\/api.w.org\/{rel}","templated":true}]}}