{"id":782,"date":"2025-04-21T11:21:59","date_gmt":"2025-04-21T11:21:59","guid":{"rendered":"http:\/\/boduel.hr\/why-boduel\/"},"modified":"2026-01-29T22:48:37","modified_gmt":"2026-01-29T22:48:37","slug":"zasto-boduel","status":"publish","type":"page","link":"https:\/\/boduel.hr\/hr\/zasto-boduel\/","title":{"rendered":"Za\u0161to Boduel"},"content":{"rendered":"<section class=\"page-hero\" style=\"background-image: url('https:\/\/boduel.hr\/wp-content\/uploads\/2025\/06\/why_boduel-scaled.jpg');\">\r\n    <div class=\"container\">\r\n        <div class=\"page-hero-inner\">\r\n            <h1 class=\"page-hero-title\">Za\u0161to Boduel<\/h1>\r\n                    <\/div>\r\n    <\/div>\r\n<\/section>\n\n<section class=\"simple-text\">\r\n    <div class=\"container\">\r\n        <div class=\"simple-text-inner\">\r\n                            <h2 class=\"section-title simple-text-title\">Hrana koja bi mogla promijeniti na\u010din na koji jedete?<\/h2>\r\n                                        <div class=\"entry-content simple-text-text\">\r\n                    <p>Kada \u017eivot postane u\u017eurban, zdrava prehrana ne bi trebala zaostati. Zamjenski obroci nude brzo i uravnote\u017eeno rje\u0161enje \u2013 prepuno proteina, vlakana i esencijalnih hranjivih tvari koje \u0107e vas odr\u017eati jakima, bez pripreme ili \u010di\u0161\u0107enja.<br \/>\nBez obzira kontrolirate li svoju te\u017einu, svladavate sastanke ili ubacujete trening, oni olak\u0161avaju pametnu prehranu. Zamislite ih kao alat, a ne kao potpunu zamjenu \u2013 savr\u0161eni su za u\u017eurbane dane kada cjelovite namirnice nisu opcija.<\/p>\n<p>Prakti\u010dno. Hranjivo. Svrhovito.<\/p>\n                <\/div>\r\n                    <\/div>\r\n    <\/div>\r\n<\/section>\n\n<section  class=\"content-image\">\n    <div class=\"container\">\n        <div class=\"content-image-inner\">\n            <div class=\"content-image-left\">\n                                    <h2 class=\"section-title content-image-title\">Za\u0161to biste trebali razmotriti Boduel<\/h2>\n                                                    <div class=\"entry-content content-image-text\">\n                        <h3><b>Prakti\u010dnost<\/b><\/h3>\n<p>Boduel je spreman za ponijeti, ne zahtijeva pripremu, kuhanje ni pospremanje. Nutritivan obrok u shakera ili boci savr\u0161en je izbor za one koji preska\u010du doru\u010dak, putuju ili jedu u pokretu izme\u0111u sastanaka.<\/p>\n<h3><b>Kontrola porcija<\/b><\/h3>\n<p><b><\/b>Boduel dolazi u unaprijed odmjerenim porcijama, \u0161to olak\u0161ava regulaciju unosa kalorija. To je posebno korisno za one koji \u017eele kontrolirati tjelesnu te\u017einu. Smanjuje rizik od prejedanja ili konzumiranja visokokalori\u010dnih grickalica.<\/p>\n<h3><b>Funkcionalnost i zdravlje crijeva<\/b><\/h3>\n<p><b><\/b>Kao i drugi zamjenski obroci, Boduel je osmi\u0161ljen da pru\u017ei uravnote\u017eenu prehranu s idealnim omjerom makronutrijenata (proteina, masti i ugljikohidrata) te mikronutrijenata (vitamina i minerala). Dodani probiotici, postbiotici i drugi funkcionalni sastojci \u010dine Boduel jedinstvenim.<\/p>\n<h3><b>Upravljanje te\u017einom i fitness ciljevi<\/b><\/h3>\n<p><b><\/b>Boduel je uglavnom bogat kalorijama, ali budu\u0107i da je unaprijed odmjeren, mo\u017ee se lako koristiti za pove\u0107anje ili smanjenje tjelesne te\u017eine.<br \/>\n<span class=\"Apple-converted-space\">\u00a0<\/span>Boduel Afterworkout je posebno dizajniran za one koji \u017eele oporaviti mi\u0161i\u0107e uz proizvod bogat kalorijama, magnezijem i esencijalnim aminokiselinama.<\/p>\n                    <\/div>\n                                                    <a href=\"http:\/\/boduel.hr\/shop\/\" class=\"btn-primary content-image-cta\" target=\"\">Shop now<\/a>\n                            <\/div>\n            <div class=\"content-image-right\">\n                                    <img decoding=\"async\" src=\"https:\/\/boduel.hr\/wp-content\/uploads\/2025\/06\/why-should-you-consider-scaled.jpg\" alt=\"\" class=\"content-image-img\">\n                            <\/div>\n        <\/div>\n    <\/div>\n<\/section>\n\n<section class=\"center-image-list\">\n    <div class=\"container\">\n        <div class=\"center-image-list-inner\">\n                            <h2 class=\"section-title center-image-list-title\">Jo\u0161 niste sigurni za\u0161to?<\/h2>\n            \n            <div class=\"cii-middle\">\n                                    <ul class=\"cii-middle-list cii-middle-list-left\">\n                                            \n                            <li class=\"cii-list-item\" data-equal=\"cii-list-item\"><span class=\"icon-check\"><\/span>To je vi\u0161e od obi\u010dnog proteinskog shakea, ima sve \u0161to va\u0161em tijelu treba<\/li>\n                    \n                                            \n                            <li class=\"cii-list-item\" data-equal=\"cii-list-item\"><span class=\"icon-check\"><\/span>Sve u jednom nutrijentu, \u0161tedi vam novac i vrijeme<\/li>\n                    \n                                            \n                            <li class=\"cii-list-item\" data-equal=\"cii-list-item\"><span class=\"icon-check\"><\/span>Na biljnoj je bazi i pakiran je u potpuno odr\u017eivo pakiranje<\/li>\n                    \n                                            <\/ul>\n                                                    <img decoding=\"async\" src=\"https:\/\/boduel.hr\/wp-content\/uploads\/2025\/04\/Rectangle-39.png\" alt=\"image\" class=\"cii-middle-image\">\n                                                    <ul class=\"cii-middle-list cii-middle-list-right\">\n                                            \n                            <li class=\"cii-list-item\" data-equal=\"cii-list-item\"><span class=\"icon-check\"><\/span>Najvi\u0161i standardi kvalitete jam\u010de vam vrhunsku prehranu<\/li>\n                    \n                                            \n                            <li class=\"cii-list-item\" data-equal=\"cii-list-item\"><span class=\"icon-check\"><\/span>Bolje za planet, bolje za vas<\/li>\n                    \n                                            \n                            <li class=\"cii-list-item\" data-equal=\"cii-list-item\"><span class=\"icon-check\"><\/span>Zdravo je rje\u0161enje jer njegovi sastojci pokrivaju preko 160 zdravstvenih prednosti koje osigurava EFSA<\/li>\n                    \n                                            <\/ul>\n                            <\/div>\n        <\/div>\n    <\/div>\n<\/section>\n\n<section  class=\"content-image\">\n    <div class=\"container\">\n        <div class=\"content-image-inner\">\n            <div class=\"content-image-left\">\n                                    <h2 class=\"section-title content-image-title\">O Boduel prahovima<\/h2>\n                                                    <div class=\"entry-content content-image-text\">\n                        <p>S dugim rokom trajanja i lako\u0107om mije\u0161anja, pra\u0161kasti sastojci pru\u017eaju dosljednost okusa i teksture. Boduel prahovi slijede formulu 30:40:20:10 (ugljikohidrati, proteini, masti, vlakna), pru\u017eaju\u0107i visok udio proteina, vlakana i zdravih masno\u0107a \u2014 uz esencijalne vitamine, minerale, probiotike i postbiotike.<\/p>\n<p>Svaka mje\u0161avina oboga\u0107ena je ciljanim funkcionalnim sastojcima poput BCAA, magnezija ili prirodnih poja\u010diva\u010da energije kao \u0161to su \u0111umbir, melisa i ekstrakt badema \u2014 osmi\u0161ljeni da podr\u017ee tvoje tijelo kad mu je to najpotrebnije.<\/p>\n<p>Boduel prahovi pakirani su u jednokratne porcijske vre\u0107ice, prakti\u010dne i u potpunosti odr\u017eive papirnate boce, kao i u vre\u0107ama od 1,5 kg. U\u017eivaj u potpunim i pristupa\u010dnim gotovim obrocima, savr\u0161enim za posao ili kod ku\u0107e.<\/p>\n                    <\/div>\n                                                    <a href=\"http:\/\/boduel.hr\/shop\/\" class=\"btn-primary content-image-cta\" target=\"\">Shop now<\/a>\n                            <\/div>\n            <div class=\"content-image-right\">\n                                    <img decoding=\"async\" src=\"https:\/\/boduel.hr\/wp-content\/uploads\/2025\/04\/Rectangle-7.png\" alt=\"\" class=\"content-image-img\">\n                            <\/div>\n        <\/div>\n    <\/div>\n<\/section>\n\n<section  class=\"content-image\">\n    <div class=\"container\">\n        <div class=\"content-image-inner content-image-inner--reverse\">\n            <div class=\"content-image-left\">\n                                    <h2 class=\"section-title content-image-title\">O Boduel napitcima<\/h2>\n                                                    <div class=\"entry-content content-image-text\">\n                        <p>Boduel napitci pripremaju se na biljnom zobenom mlijeku. Na\u0161i se prahovi razrje\u0111uju s 7 % zobenog mlijeka, a pritom zadr\u017eavaju sve vrijedne hranjive tvari kao u pra\u0161kastom obliku. Dodatno su oboga\u0107eni kalorijama i vlaknima te imaju glatkiji i sla\u0111i okus, \u0161to omogu\u0107uje jo\u0161 ve\u0107e u\u017eivanje u na\u0161im okusima.<\/p>\n<p>Na\u0161i gotovi Boduel napitci super su prakti\u010dni jer ti poma\u017eu odr\u017eati uravnote\u017eenu prehranu kad ti raspored ne dopu\u0161ta drugo. Oni su najbr\u017ei spas na tvojim u\u017eurbanim danima.<\/p>\n<p>Boduel Ready-to-Drink je nutritivno kompletan obrok u boci. Bogat je proteinima, nizak u \u0161e\u0107eru i soli, i kao i prah, dr\u017ei se pravila 30:40:20:10 (ugljikohidrati, proteini, masti, vlakna).<\/p>\n                    <\/div>\n                                                    <a href=\"http:\/\/boduel.hr\/shop\/\" class=\"btn-primary content-image-cta\" target=\"\">Shop<\/a>\n                            <\/div>\n            <div class=\"content-image-right\">\n                                    <img decoding=\"async\" src=\"https:\/\/boduel.hr\/wp-content\/uploads\/2025\/04\/Product-image.png\" alt=\"\" class=\"content-image-img\">\n                            <\/div>\n        <\/div>\n    <\/div>\n<\/section>\n\n<section class=\"faq-small\">\r\n    <div class=\"container\">\r\n        <div class=\"faq-small-inner\">\r\n                            <h2 class=\"section-title faq-small-title\">\u017deli\u0161 li saznati vi\u0161e?<\/h2>\r\n                                        <div class=\"faq-small-list\">\r\n                \r\n                                    \r\n                        <div class=\"faq-item\">\r\n                            <div class=\"faq-item-question\">Je li Boduel bez laktoze, GMO-a i glutena? Sadr\u017ei li Boduel alergene?<span class=\"faq-plus\"><\/span><\/div>\r\n                            <div class=\"entry-content faq-item-answer\">\r\n                                <p> Boduel proizvodi su 100 % biljnog podrijetla, bez laktoze, glutena i GMO-a.\u2028 Ne sadr\u017ee mlije\u010dne niti \u017eivotinjske sastojke, \u0161to ih \u010dini pogodnima za vegane. Proteini dolaze iz boba, a zobni sirup koji koristimo certificiran je kao bezglutenski od strane na\u0161eg dobavlja\u010da. Svi sastojci pa\u017eljivo su odabrani i testirani na kvalitetu i sigurnost.\u2028 Napomena: Boduel sadr\u017ei zobni sirup koji mo\u017ee izazvati alergijske reakcije kod osjetljivih osoba. Iako je proizvod sam po sebi bez alergena, proizveden je u pogonu gdje se tako\u0111er obra\u0111uju soja i sjemenke suncokreta.<\/p>\n                            <\/div>\r\n                        <\/div>\r\n                \r\n                                    \r\n                        <div class=\"faq-item\">\r\n                            <div class=\"faq-item-question\">Koji je preporu\u010deni unos? Mo\u017ee li zamijeniti moje obroke?<span class=\"faq-plus\"><\/span><\/div>\r\n                            <div class=\"entry-content faq-item-answer\">\r\n                                <p> Jedna Boduel porcija (89 g) je na\u0161a preporu\u010dena dnevna koli\u010dina, koja osigurava 20 % preporu\u010denog dnevnog unosa kalorija i preko 30 % esencijalnih vitamina i minerala.\u2028 Boduel je nutritivno kompletan obrok, idealan za trenutke kada nema\u0161 vremena pripremiti ili pojesti obi\u010dnu hranu. Me\u0111utim, namijenjen je dopuni uravnote\u017eene prehrane \u2014 ne kao potpuna dugoro\u010dna zamjena za tradicionalne obroke.\u2028 Boduel mo\u017ee podr\u017eati i ciljeve gubitka i pove\u0107anja te\u017eine, no postizanje rezultata zahtijeva ukupnu kontrolu prehrane i redoviti unos hrane uz Boduel.<\/p>\n                            <\/div>\r\n                        <\/div>\r\n                \r\n                                    \r\n                        <div class=\"faq-item\">\r\n                            <div class=\"faq-item-question\">Gdje dostavljamo na\u0161e proizvode?<span class=\"faq-plus\"><\/span><\/div>\r\n                            <div class=\"entry-content faq-item-answer\">\r\n                                <p>Trenutno dostavljamo unutar Europske unije (EU), Srednje i Isto\u010dne Europe (CEE), Ujedinjenog Kraljevstva (UK) i Sjedinjenih Ameri\u010dkih Dr\u017eava (SAD). Na\u017ealost, ne \u0161aljemo u druge regije, uklju\u010duju\u0107i Aziju, Afriku i Australiju.<\/p>\n                            <\/div>\r\n                        <\/div>\r\n                \r\n                                    \r\n                        <div class=\"faq-item\">\r\n                            <div class=\"faq-item-question\">Tko \u0107e dostaviti moju narud\u017ebu? Ho\u0107u li dobiti broj za pra\u0107enje?\u2028<span class=\"faq-plus\"><\/span><\/div>\r\n                            <div class=\"entry-content faq-item-answer\">\r\n                                <p> Za ve\u0107inu dostava unutar EU koristimo kurirske slu\u017ebe GLS i DPD. Nakon \u0161to va\u0161a narud\u017eba bude obra\u0111ena, dobit \u0107ete broj za pra\u0107enje. Pra\u0107enje postaje dostupno \u010dim dostavna tvrtka preuzme va\u0161u narud\u017ebu. Ako niste dobili broj za pra\u0107enje, slobodno nas kontaktirajte na info@boduel.hr.<\/p>\n                            <\/div>\r\n                        <\/div>\r\n                \r\n                                    \r\n                        <div class=\"faq-item\">\r\n                            <div class=\"faq-item-question\">Koje su opcije pla\u0107anja?<span class=\"faq-plus\"><\/span><\/div>\r\n                            <div class=\"entry-content faq-item-answer\">\r\n                                <p>Pla\u0107anje je mogu\u0107e putem PayPala, kreditnih i debitnih kartica. Pri odabiru pla\u0107anja kreditnom ili debitnom karticom, transakcija se automatski autorizira putem platforme za pla\u0107anje karticama. U slu\u010daju neuspje\u0161ne autorizacije, proces kupnje se automatski prekida, \u0161to zna\u010di da Korisnik ne\u0107e mo\u0107i dovr\u0161iti narud\u017ebu. Nakon uspje\u0161nog pla\u0107anja, Kupac \u0107e putem e-po\u0161te primiti potvrdu narud\u017ebe, nakon \u010dega \u0107e proizvodi biti poslani na odabranu adresu dostave.<\/p>\n                            <\/div>\r\n                        <\/div>\r\n                \r\n                                    \r\n                        <div class=\"faq-item\">\r\n                            <div class=\"faq-item-question\">Mogu li promijeniti ili otkazati svoju narud\u017ebu?<span class=\"faq-plus\"><\/span><\/div>\r\n                            <div class=\"entry-content faq-item-answer\">\r\n                                <p>Narud\u017ebe obra\u0111ujemo i pakiramo brzo, stoga nakon \u0161to je narud\u017eba poslana i pla\u0107ena, nije je mogu\u0107e mijenjati ili otkazati. To uklju\u010duje promjene proizvoda, adresa dostave i na\u010dina pla\u0107anja.\u2028 Povrat novca mogu\u0107 je ako se prilikom dostave primijete nedostaci ili ako roba nije isporu\u010dena u ispravnom stanju. Povrati se vr\u0161e istim na\u010dinom pla\u0107anja koji je kori\u0161ten pri kupnji.\u2028 U slu\u010daju neopravdanog odbijanja preuzimanja paketa, zadr\u017eavamo pravo procijeniti situaciju i odlu\u010diti ho\u0107e li biti odobren djelomi\u010dni povrat novca.<\/p>\n                            <\/div>\r\n                        <\/div>\r\n                \r\n                                    \r\n                <\/div>\r\n                    <\/div>\r\n    <\/div>\r\n<\/section>","protected":false},"excerpt":{"rendered":"","protected":false},"author":1,"featured_media":0,"parent":0,"menu_order":0,"comment_status":"closed","ping_status":"closed","template":"","meta":{"_acf_changed":false,"footnotes":""},"class_list":["post-782","page","type-page","status-publish","hentry"],"acf":[],"yoast_head":"<!-- This site is optimized with the Yoast SEO plugin v27.4 - https:\/\/yoast.com\/product\/yoast-seo-wordpress\/ -->\n<title>Za\u0161to Boduel \u2013 Prednosti i sastojci koji \u010dine razliku | Boduel<\/title>\n<meta name=\"description\" content=\"Otkrij \u0161to \u010dini Boduel posebnim: prakti\u010dni obroci s proteinima, vlaknima, vitaminima i funkcionalnim sastojcima za zdravlje i energiju.\" \/>\n<meta name=\"robots\" content=\"noindex, follow, max-snippet:-1, max-image-preview:large, max-video-preview:-1\" \/>\n<meta property=\"og:locale\" content=\"hr_HR\" \/>\n<meta property=\"og:type\" content=\"article\" \/>\n<meta property=\"og:title\" content=\"Za\u0161to Boduel \u2013 Prednosti i sastojci koji \u010dine razliku | Boduel\" \/>\n<meta property=\"og:description\" content=\"Otkrij \u0161to \u010dini Boduel posebnim: prakti\u010dni obroci s proteinima, vlaknima, vitaminima i funkcionalnim sastojcima za zdravlje i energiju.\" \/>\n<meta property=\"og:url\" content=\"https:\/\/boduel.hr\/hr\/zasto-boduel\/\" \/>\n<meta property=\"og:site_name\" content=\"Boduel\" \/>\n<meta property=\"article:modified_time\" content=\"2026-01-29T22:48:37+00:00\" \/>\n<meta name=\"twitter:card\" content=\"summary_large_image\" \/>\n<script type=\"application\/ld+json\" class=\"yoast-schema-graph\">{\"@context\":\"https:\\\/\\\/schema.org\",\"@graph\":[{\"@type\":\"WebPage\",\"@id\":\"https:\\\/\\\/boduel.hr\\\/hr\\\/zasto-boduel\\\/\",\"url\":\"https:\\\/\\\/boduel.hr\\\/hr\\\/zasto-boduel\\\/\",\"name\":\"Za\u0161to Boduel \u2013 Prednosti i sastojci koji \u010dine razliku | Boduel\",\"isPartOf\":{\"@id\":\"https:\\\/\\\/boduel.hr\\\/hr\\\/#website\"},\"datePublished\":\"2025-04-21T11:21:59+00:00\",\"dateModified\":\"2026-01-29T22:48:37+00:00\",\"description\":\"Otkrij \u0161to \u010dini Boduel posebnim: prakti\u010dni obroci s proteinima, vlaknima, vitaminima i funkcionalnim sastojcima za zdravlje i energiju.\",\"breadcrumb\":{\"@id\":\"https:\\\/\\\/boduel.hr\\\/hr\\\/zasto-boduel\\\/#breadcrumb\"},\"inLanguage\":\"hr\",\"potentialAction\":[{\"@type\":\"ReadAction\",\"target\":[\"https:\\\/\\\/boduel.hr\\\/hr\\\/zasto-boduel\\\/\"]}]},{\"@type\":\"BreadcrumbList\",\"@id\":\"https:\\\/\\\/boduel.hr\\\/hr\\\/zasto-boduel\\\/#breadcrumb\",\"itemListElement\":[{\"@type\":\"ListItem\",\"position\":1,\"name\":\"Home\",\"item\":\"https:\\\/\\\/boduel.hr\\\/hr\\\/\"},{\"@type\":\"ListItem\",\"position\":2,\"name\":\"Za\u0161to Boduel\"}]},{\"@type\":\"WebSite\",\"@id\":\"https:\\\/\\\/boduel.hr\\\/hr\\\/#website\",\"url\":\"https:\\\/\\\/boduel.hr\\\/hr\\\/\",\"name\":\"Boduel\",\"description\":\"\",\"potentialAction\":[{\"@type\":\"SearchAction\",\"target\":{\"@type\":\"EntryPoint\",\"urlTemplate\":\"https:\\\/\\\/boduel.hr\\\/hr\\\/?s={search_term_string}\"},\"query-input\":{\"@type\":\"PropertyValueSpecification\",\"valueRequired\":true,\"valueName\":\"search_term_string\"}}],\"inLanguage\":\"hr\"}]}<\/script>\n<!-- \/ Yoast SEO plugin. -->","yoast_head_json":{"title":"Za\u0161to Boduel \u2013 Prednosti i sastojci koji \u010dine razliku | Boduel","description":"Otkrij \u0161to \u010dini Boduel posebnim: prakti\u010dni obroci s proteinima, vlaknima, vitaminima i funkcionalnim sastojcima za zdravlje i energiju.","robots":{"index":"noindex","follow":"follow","max-snippet":"max-snippet:-1","max-image-preview":"max-image-preview:large","max-video-preview":"max-video-preview:-1"},"og_locale":"hr_HR","og_type":"article","og_title":"Za\u0161to Boduel \u2013 Prednosti i sastojci koji \u010dine razliku | Boduel","og_description":"Otkrij \u0161to \u010dini Boduel posebnim: prakti\u010dni obroci s proteinima, vlaknima, vitaminima i funkcionalnim sastojcima za zdravlje i energiju.","og_url":"https:\/\/boduel.hr\/hr\/zasto-boduel\/","og_site_name":"Boduel","article_modified_time":"2026-01-29T22:48:37+00:00","twitter_card":"summary_large_image","schema":{"@context":"https:\/\/schema.org","@graph":[{"@type":"WebPage","@id":"https:\/\/boduel.hr\/hr\/zasto-boduel\/","url":"https:\/\/boduel.hr\/hr\/zasto-boduel\/","name":"Za\u0161to Boduel \u2013 Prednosti i sastojci koji \u010dine razliku | Boduel","isPartOf":{"@id":"https:\/\/boduel.hr\/hr\/#website"},"datePublished":"2025-04-21T11:21:59+00:00","dateModified":"2026-01-29T22:48:37+00:00","description":"Otkrij \u0161to \u010dini Boduel posebnim: prakti\u010dni obroci s proteinima, vlaknima, vitaminima i funkcionalnim sastojcima za zdravlje i energiju.","breadcrumb":{"@id":"https:\/\/boduel.hr\/hr\/zasto-boduel\/#breadcrumb"},"inLanguage":"hr","potentialAction":[{"@type":"ReadAction","target":["https:\/\/boduel.hr\/hr\/zasto-boduel\/"]}]},{"@type":"BreadcrumbList","@id":"https:\/\/boduel.hr\/hr\/zasto-boduel\/#breadcrumb","itemListElement":[{"@type":"ListItem","position":1,"name":"Home","item":"https:\/\/boduel.hr\/hr\/"},{"@type":"ListItem","position":2,"name":"Za\u0161to Boduel"}]},{"@type":"WebSite","@id":"https:\/\/boduel.hr\/hr\/#website","url":"https:\/\/boduel.hr\/hr\/","name":"Boduel","description":"","potentialAction":[{"@type":"SearchAction","target":{"@type":"EntryPoint","urlTemplate":"https:\/\/boduel.hr\/hr\/?s={search_term_string}"},"query-input":{"@type":"PropertyValueSpecification","valueRequired":true,"valueName":"search_term_string"}}],"inLanguage":"hr"}]}},"_links":{"self":[{"href":"https:\/\/boduel.hr\/hr\/wp-json\/wp\/v2\/pages\/782","targetHints":{"allow":["GET"]}}],"collection":[{"href":"https:\/\/boduel.hr\/hr\/wp-json\/wp\/v2\/pages"}],"about":[{"href":"https:\/\/boduel.hr\/hr\/wp-json\/wp\/v2\/types\/page"}],"author":[{"embeddable":true,"href":"https:\/\/boduel.hr\/hr\/wp-json\/wp\/v2\/users\/1"}],"replies":[{"embeddable":true,"href":"https:\/\/boduel.hr\/hr\/wp-json\/wp\/v2\/comments?post=782"}],"version-history":[{"count":3,"href":"https:\/\/boduel.hr\/hr\/wp-json\/wp\/v2\/pages\/782\/revisions"}],"predecessor-version":[{"id":856,"href":"https:\/\/boduel.hr\/hr\/wp-json\/wp\/v2\/pages\/782\/revisions\/856"}],"wp:attachment":[{"href":"https:\/\/boduel.hr\/hr\/wp-json\/wp\/v2\/media?parent=782"}],"curies":[{"name":"wp","href":"https:\/\/api.w.org\/{rel}","templated":true}]}}