{"id":1759,"date":"2026-04-26T20:01:54","date_gmt":"2026-04-26T20:01:54","guid":{"rendered":"https:\/\/boduel.hr\/?post_type=product&#038;p=1759"},"modified":"2026-05-05T21:03:36","modified_gmt":"2026-05-05T21:03:36","slug":"afterworkout-vanilija-sachet-90g-x-7kom-copy","status":"publish","type":"product","link":"https:\/\/boduel.hr\/hr\/proizvod\/afterworkout-vanilija-sachet-90g-x-7kom-copy\/","title":{"rendered":"Afterworkout Vanilija sachet 89 g"},"content":{"rendered":"<div>\n<div id=\"zDqdGNtb6recmSL7uvKXZ-content-0\">\n<p>Afterworkout\u00a0 Vanilija pra\u0161ak bez laktoze i glutena koji poti\u010de rast mi\u0161i\u0107a i ubrzava oporavak tijela. Pakiran je u 90g vre\u0107ici kao jedna porcija. Sadr\u017ei 35 g proteina, aminokiseline te 100% preporu\u010denog dnevnog unosa magnezijeva citrata, klju\u010dnog za oporavak mi\u0161i\u0107a i smanjenje upale. Zasla\u0111en jedinstvenom kombinacijom dekstroze i palatinoze (2:1) za brzo i dugotrajno osloba\u0111anje energije i borbu protiv umora. Boduel Afterworkout u ovom pakiranju je prakti\u010dan i uvijek pri ruci.<\/p>\n<\/div>\n<\/div>\n<div><\/div>\n","protected":false},"excerpt":{"rendered":"<p>Afterworkout\u00a0 Vanilija pra\u0161ak bez laktoze i glutena koji poti\u010de rast mi\u0161i\u0107a i ubrzava oporavak tijela. Pakiran je u 90g vre\u0107ici kao jedna porcija. Sadr\u017ei 35 g proteina, aminokiseline te 100% preporu\u010denog dnevnog unosa magnezijeva citrata, klju\u010dnog za oporavak mi\u0161i\u0107a i smanjenje upale. Zasla\u0111en jedinstvenom kombinacijom dekstroze i palatinoze (2:1) za brzo i dugotrajno osloba\u0111anje energije [&hellip;]<\/p>\n","protected":false},"featured_media":1784,"template":"","meta":{"_acf_changed":false},"product_brand":[],"product_cat":[35],"product_tag":[],"class_list":{"0":"post-1759","1":"product","2":"type-product","3":"status-publish","4":"has-post-thumbnail","6":"product_cat-uncategorized-hr","8":"first","9":"instock","10":"taxable","11":"shipping-taxable","12":"purchasable","13":"product-type-simple"},"acf":[],"yoast_head":"<!-- This site is optimized with the Yoast SEO plugin v27.4 - https:\/\/yoast.com\/product\/yoast-seo-wordpress\/ -->\n<title>Afterworkout Vanilija sachet 89 g - Boduel<\/title>\n<meta name=\"robots\" content=\"noindex, follow, max-snippet:-1, max-image-preview:large, max-video-preview:-1\" \/>\n<meta property=\"og:locale\" content=\"hr_HR\" \/>\n<meta property=\"og:type\" content=\"article\" \/>\n<meta property=\"og:title\" content=\"Afterworkout Vanilija sachet 89 g - Boduel\" \/>\n<meta property=\"og:description\" content=\"Afterworkout\u00a0 Vanilija pra\u0161ak bez laktoze i glutena koji poti\u010de rast mi\u0161i\u0107a i ubrzava oporavak tijela. Pakiran je u 90g vre\u0107ici kao jedna porcija. Sadr\u017ei 35 g proteina, aminokiseline te 100% preporu\u010denog dnevnog unosa magnezijeva citrata, klju\u010dnog za oporavak mi\u0161i\u0107a i smanjenje upale. Zasla\u0111en jedinstvenom kombinacijom dekstroze i palatinoze (2:1) za brzo i dugotrajno osloba\u0111anje energije [&hellip;]\" \/>\n<meta property=\"og:url\" content=\"https:\/\/boduel.hr\/hr\/proizvod\/afterworkout-vanilija-sachet-90g-x-7kom-copy\/\" \/>\n<meta property=\"og:site_name\" content=\"Boduel\" \/>\n<meta property=\"article:modified_time\" content=\"2026-05-05T21:03:36+00:00\" \/>\n<meta property=\"og:image\" content=\"https:\/\/boduel.hr\/wp-content\/uploads\/2026\/04\/After-mali.jpg\" \/>\n\t<meta property=\"og:image:width\" content=\"960\" \/>\n\t<meta property=\"og:image:height\" content=\"1280\" \/>\n\t<meta property=\"og:image:type\" content=\"image\/jpeg\" \/>\n<meta name=\"twitter:card\" content=\"summary_large_image\" \/>\n<meta name=\"twitter:label1\" content=\"Procijenjeno vrijeme \u010ditanja\" \/>\n\t<meta name=\"twitter:data1\" content=\"1 minuta\" \/>\n<script type=\"application\/ld+json\" class=\"yoast-schema-graph\">{\"@context\":\"https:\\\/\\\/schema.org\",\"@graph\":[{\"@type\":\"WebPage\",\"@id\":\"https:\\\/\\\/boduel.hr\\\/hr\\\/proizvod\\\/afterworkout-vanilija-sachet-90g-x-7kom-copy\\\/\",\"url\":\"https:\\\/\\\/boduel.hr\\\/hr\\\/proizvod\\\/afterworkout-vanilija-sachet-90g-x-7kom-copy\\\/\",\"name\":\"Afterworkout Vanilija sachet 89 g - Boduel\",\"isPartOf\":{\"@id\":\"https:\\\/\\\/boduel.hr\\\/hr\\\/#website\"},\"primaryImageOfPage\":{\"@id\":\"https:\\\/\\\/boduel.hr\\\/hr\\\/proizvod\\\/afterworkout-vanilija-sachet-90g-x-7kom-copy\\\/#primaryimage\"},\"image\":{\"@id\":\"https:\\\/\\\/boduel.hr\\\/hr\\\/proizvod\\\/afterworkout-vanilija-sachet-90g-x-7kom-copy\\\/#primaryimage\"},\"thumbnailUrl\":\"https:\\\/\\\/boduel.hr\\\/wp-content\\\/uploads\\\/2026\\\/04\\\/BODUEL-AFTER-WORKOUT-VANILLA-89g-800x800px.jpg\",\"datePublished\":\"2026-04-26T20:01:54+00:00\",\"dateModified\":\"2026-05-05T21:03:36+00:00\",\"breadcrumb\":{\"@id\":\"https:\\\/\\\/boduel.hr\\\/hr\\\/proizvod\\\/afterworkout-vanilija-sachet-90g-x-7kom-copy\\\/#breadcrumb\"},\"inLanguage\":\"hr\",\"potentialAction\":[{\"@type\":\"ReadAction\",\"target\":[\"https:\\\/\\\/boduel.hr\\\/hr\\\/proizvod\\\/afterworkout-vanilija-sachet-90g-x-7kom-copy\\\/\"]}]},{\"@type\":\"ImageObject\",\"inLanguage\":\"hr\",\"@id\":\"https:\\\/\\\/boduel.hr\\\/hr\\\/proizvod\\\/afterworkout-vanilija-sachet-90g-x-7kom-copy\\\/#primaryimage\",\"url\":\"https:\\\/\\\/boduel.hr\\\/wp-content\\\/uploads\\\/2026\\\/04\\\/BODUEL-AFTER-WORKOUT-VANILLA-89g-800x800px.jpg\",\"contentUrl\":\"https:\\\/\\\/boduel.hr\\\/wp-content\\\/uploads\\\/2026\\\/04\\\/BODUEL-AFTER-WORKOUT-VANILLA-89g-800x800px.jpg\",\"width\":800,\"height\":800},{\"@type\":\"BreadcrumbList\",\"@id\":\"https:\\\/\\\/boduel.hr\\\/hr\\\/proizvod\\\/afterworkout-vanilija-sachet-90g-x-7kom-copy\\\/#breadcrumb\",\"itemListElement\":[{\"@type\":\"ListItem\",\"position\":1,\"name\":\"Home\",\"item\":\"https:\\\/\\\/boduel.hr\\\/hr\\\/\"},{\"@type\":\"ListItem\",\"position\":2,\"name\":\"Shop\",\"item\":\"https:\\\/\\\/boduel.hr\\\/hr\\\/shop\\\/\"},{\"@type\":\"ListItem\",\"position\":3,\"name\":\"Afterworkout Vanilija sachet 89 g\"}]},{\"@type\":\"WebSite\",\"@id\":\"https:\\\/\\\/boduel.hr\\\/hr\\\/#website\",\"url\":\"https:\\\/\\\/boduel.hr\\\/hr\\\/\",\"name\":\"Boduel\",\"description\":\"\",\"potentialAction\":[{\"@type\":\"SearchAction\",\"target\":{\"@type\":\"EntryPoint\",\"urlTemplate\":\"https:\\\/\\\/boduel.hr\\\/hr\\\/?s={search_term_string}\"},\"query-input\":{\"@type\":\"PropertyValueSpecification\",\"valueRequired\":true,\"valueName\":\"search_term_string\"}}],\"inLanguage\":\"hr\"}]}<\/script>\n<!-- \/ Yoast SEO plugin. -->","yoast_head_json":{"title":"Afterworkout Vanilija sachet 89 g - Boduel","robots":{"index":"noindex","follow":"follow","max-snippet":"max-snippet:-1","max-image-preview":"max-image-preview:large","max-video-preview":"max-video-preview:-1"},"og_locale":"hr_HR","og_type":"article","og_title":"Afterworkout Vanilija sachet 89 g - Boduel","og_description":"Afterworkout\u00a0 Vanilija pra\u0161ak bez laktoze i glutena koji poti\u010de rast mi\u0161i\u0107a i ubrzava oporavak tijela. Pakiran je u 90g vre\u0107ici kao jedna porcija. Sadr\u017ei 35 g proteina, aminokiseline te 100% preporu\u010denog dnevnog unosa magnezijeva citrata, klju\u010dnog za oporavak mi\u0161i\u0107a i smanjenje upale. Zasla\u0111en jedinstvenom kombinacijom dekstroze i palatinoze (2:1) za brzo i dugotrajno osloba\u0111anje energije [&hellip;]","og_url":"https:\/\/boduel.hr\/hr\/proizvod\/afterworkout-vanilija-sachet-90g-x-7kom-copy\/","og_site_name":"Boduel","article_modified_time":"2026-05-05T21:03:36+00:00","og_image":[{"width":960,"height":1280,"url":"https:\/\/boduel.hr\/wp-content\/uploads\/2026\/04\/After-mali.jpg","type":"image\/jpeg"}],"twitter_card":"summary_large_image","twitter_misc":{"Procijenjeno vrijeme \u010ditanja":"1 minuta"},"schema":{"@context":"https:\/\/schema.org","@graph":[{"@type":"WebPage","@id":"https:\/\/boduel.hr\/hr\/proizvod\/afterworkout-vanilija-sachet-90g-x-7kom-copy\/","url":"https:\/\/boduel.hr\/hr\/proizvod\/afterworkout-vanilija-sachet-90g-x-7kom-copy\/","name":"Afterworkout Vanilija sachet 89 g - Boduel","isPartOf":{"@id":"https:\/\/boduel.hr\/hr\/#website"},"primaryImageOfPage":{"@id":"https:\/\/boduel.hr\/hr\/proizvod\/afterworkout-vanilija-sachet-90g-x-7kom-copy\/#primaryimage"},"image":{"@id":"https:\/\/boduel.hr\/hr\/proizvod\/afterworkout-vanilija-sachet-90g-x-7kom-copy\/#primaryimage"},"thumbnailUrl":"https:\/\/boduel.hr\/wp-content\/uploads\/2026\/04\/BODUEL-AFTER-WORKOUT-VANILLA-89g-800x800px.jpg","datePublished":"2026-04-26T20:01:54+00:00","dateModified":"2026-05-05T21:03:36+00:00","breadcrumb":{"@id":"https:\/\/boduel.hr\/hr\/proizvod\/afterworkout-vanilija-sachet-90g-x-7kom-copy\/#breadcrumb"},"inLanguage":"hr","potentialAction":[{"@type":"ReadAction","target":["https:\/\/boduel.hr\/hr\/proizvod\/afterworkout-vanilija-sachet-90g-x-7kom-copy\/"]}]},{"@type":"ImageObject","inLanguage":"hr","@id":"https:\/\/boduel.hr\/hr\/proizvod\/afterworkout-vanilija-sachet-90g-x-7kom-copy\/#primaryimage","url":"https:\/\/boduel.hr\/wp-content\/uploads\/2026\/04\/BODUEL-AFTER-WORKOUT-VANILLA-89g-800x800px.jpg","contentUrl":"https:\/\/boduel.hr\/wp-content\/uploads\/2026\/04\/BODUEL-AFTER-WORKOUT-VANILLA-89g-800x800px.jpg","width":800,"height":800},{"@type":"BreadcrumbList","@id":"https:\/\/boduel.hr\/hr\/proizvod\/afterworkout-vanilija-sachet-90g-x-7kom-copy\/#breadcrumb","itemListElement":[{"@type":"ListItem","position":1,"name":"Home","item":"https:\/\/boduel.hr\/hr\/"},{"@type":"ListItem","position":2,"name":"Shop","item":"https:\/\/boduel.hr\/hr\/shop\/"},{"@type":"ListItem","position":3,"name":"Afterworkout Vanilija sachet 89 g"}]},{"@type":"WebSite","@id":"https:\/\/boduel.hr\/hr\/#website","url":"https:\/\/boduel.hr\/hr\/","name":"Boduel","description":"","potentialAction":[{"@type":"SearchAction","target":{"@type":"EntryPoint","urlTemplate":"https:\/\/boduel.hr\/hr\/?s={search_term_string}"},"query-input":{"@type":"PropertyValueSpecification","valueRequired":true,"valueName":"search_term_string"}}],"inLanguage":"hr"}]}},"_links":{"self":[{"href":"https:\/\/boduel.hr\/hr\/wp-json\/wp\/v2\/product\/1759","targetHints":{"allow":["GET"]}}],"collection":[{"href":"https:\/\/boduel.hr\/hr\/wp-json\/wp\/v2\/product"}],"about":[{"href":"https:\/\/boduel.hr\/hr\/wp-json\/wp\/v2\/types\/product"}],"wp:featuredmedia":[{"embeddable":true,"href":"https:\/\/boduel.hr\/hr\/wp-json\/wp\/v2\/media\/1784"}],"wp:attachment":[{"href":"https:\/\/boduel.hr\/hr\/wp-json\/wp\/v2\/media?parent=1759"}],"wp:term":[{"taxonomy":"product_brand","embeddable":true,"href":"https:\/\/boduel.hr\/hr\/wp-json\/wp\/v2\/product_brand?post=1759"},{"taxonomy":"product_cat","embeddable":true,"href":"https:\/\/boduel.hr\/hr\/wp-json\/wp\/v2\/product_cat?post=1759"},{"taxonomy":"product_tag","embeddable":true,"href":"https:\/\/boduel.hr\/hr\/wp-json\/wp\/v2\/product_tag?post=1759"}],"curies":[{"name":"wp","href":"https:\/\/api.w.org\/{rel}","templated":true}]}}